{"id":25,"date":"2023-03-14T18:03:23","date_gmt":"2023-03-14T18:03:23","guid":{"rendered":"http:\/\/ge401-402.bilkent.edu.tr\/3deestore\/?page_id=25"},"modified":"2023-03-23T18:32:03","modified_gmt":"2023-03-23T18:32:03","slug":"team","status":"publish","type":"page","link":"http:\/\/ge401-402.bilkent.edu.tr\/3deestore\/index.php\/team\/","title":{"rendered":"Team"},"content":{"rendered":"\n<p><\/p>\n\n\n\n<div class=\"wp-block-columns is-layout-flex wp-container-core-columns-is-layout-1 wp-block-columns-is-layout-flex\">\n<div class=\"wp-block-column is-layout-flow wp-block-column-is-layout-flow\"><babylon model=\"http:\/\/ge401-402.bilkent.edu.tr\/3deestore\/wp-content\/uploads\/2023\/03\/goktug_3d\/model.obj\"><\/babylon>\n<\/div>\n\n\n\n<div class=\"wp-block-column is-layout-flow wp-block-column-is-layout-flow\"><babylon model=\"http:\/\/ge401-402.bilkent.edu.tr\/3deestore\/wp-content\/uploads\/2023\/03\/yakup_3d\/model.obj\"><\/babylon>\n<\/div>\n\n\n\n<div class=\"wp-block-column is-layout-flow wp-block-column-is-layout-flow\"><babylon model=\"http:\/\/ge401-402.bilkent.edu.tr\/3deestore\/wp-content\/uploads\/2023\/03\/turker_3d\/model.obj\"><\/babylon>\n<\/div>\n<\/div>\n\n\n\n<div class=\"wp-block-columns is-layout-flex wp-container-core-columns-is-layout-2 wp-block-columns-is-layout-flex\">\n<div class=\"wp-block-column is-layout-flow wp-block-column-is-layout-flow\">\n<p class=\"has-text-align-center\"><strong>G\u00f6ktu\u011f \u00c7a\u011f\u0131ran<\/strong><\/p>\n<\/div>\n\n\n\n<div class=\"wp-block-column is-layout-flow wp-block-column-is-layout-flow\">\n<p class=\"has-text-align-center\"><strong>Yakup \u00c7atalkaya<\/strong><\/p>\n<\/div>\n\n\n\n<div class=\"wp-block-column is-layout-flow wp-block-column-is-layout-flow\">\n<p class=\"has-text-align-center\"><strong>Ali T\u00fcrker Ba\u015far<\/strong><\/p>\n<\/div>\n<\/div>\n\n\n\n<div class=\"wp-block-columns is-layout-flex wp-container-core-columns-is-layout-3 wp-block-columns-is-layout-flex\">\n<div class=\"wp-block-column is-layout-flow wp-block-column-is-layout-flow\">\n<p class=\"has-text-align-center has-extra-small-font-size\">Product Developer<\/p>\n<\/div>\n\n\n\n<div class=\"wp-block-column is-layout-flow wp-block-column-is-layout-flow\">\n<p class=\"has-text-align-center has-extra-small-font-size\">Product Developer<\/p>\n<\/div>\n\n\n\n<div class=\"wp-block-column is-layout-flow wp-block-column-is-layout-flow\">\n<p class=\"has-text-align-center has-extra-small-font-size\">Product Developer<\/p>\n<\/div>\n<\/div>\n\n\n\n<div style=\"height:100px\" aria-hidden=\"true\" class=\"wp-block-spacer\"><\/div>\n\n\n\n<div class=\"wp-block-columns is-layout-flex wp-container-core-columns-is-layout-4 wp-block-columns-is-layout-flex\">\n<div class=\"wp-block-column is-layout-flow wp-block-column-is-layout-flow\"><babylon model=\"http:\/\/ge401-402.bilkent.edu.tr\/3deestore\/wp-content\/uploads\/2023\/03\/ecem_3d\/model.obj\"><\/babylon>\n<\/div>\n\n\n\n<div class=\"wp-block-column is-layout-flow wp-block-column-is-layout-flow\"><babylon model=\"http:\/\/ge401-402.bilkent.edu.tr\/3deestore\/wp-content\/uploads\/2023\/03\/ali_3d\/model.obj\"><\/babylon>\n<\/div>\n\n\n\n<div class=\"wp-block-column is-layout-flow wp-block-column-is-layout-flow\"><babylon model=\"http:\/\/ge401-402.bilkent.edu.tr\/3deestore\/wp-content\/uploads\/2023\/03\/umut_3d\/model.obj\"><\/babylon>\n<\/div>\n<\/div>\n\n\n\n<div class=\"wp-block-columns is-layout-flex wp-container-core-columns-is-layout-5 wp-block-columns-is-layout-flex\">\n<div class=\"wp-block-column is-layout-flow wp-block-column-is-layout-flow\">\n<p class=\"has-text-align-center\"><strong>Ecem Ta\u015ftan<\/strong><\/p>\n<\/div>\n\n\n\n<div class=\"wp-block-column is-layout-flow wp-block-column-is-layout-flow\">\n<p class=\"has-text-align-center\"><strong>Ali Bur\u00e7<\/strong><\/p>\n<\/div>\n\n\n\n<div class=\"wp-block-column is-layout-flow wp-block-column-is-layout-flow\">\n<p class=\"has-text-align-center\"><strong>Umut Ege \u00d6zdemir<\/strong><\/p>\n<\/div>\n<\/div>\n\n\n\n<div class=\"wp-block-columns is-layout-flex wp-container-core-columns-is-layout-6 wp-block-columns-is-layout-flex\">\n<div class=\"wp-block-column is-layout-flow wp-block-column-is-layout-flow\">\n<p class=\"has-text-align-center has-extra-small-font-size\">Product Manager<\/p>\n<\/div>\n\n\n\n<div class=\"wp-block-column is-layout-flow wp-block-column-is-layout-flow\">\n<p class=\"has-text-align-center has-extra-small-font-size\">Product Manager<\/p>\n<\/div>\n\n\n\n<div class=\"wp-block-column is-layout-flow wp-block-column-is-layout-flow\">\n<p class=\"has-text-align-center has-extra-small-font-size\">Product Developer<\/p>\n<\/div>\n<\/div>\n","protected":false},"excerpt":{"rendered":"<p>G\u00f6ktu\u011f \u00c7a\u011f\u0131ran Yakup \u00c7atalkaya Ali T\u00fcrker Ba\u015far Product Developer Product Developer Product Developer Ecem Ta\u015ftan Ali Bur\u00e7 Umut Ege \u00d6zdemir Product Manager Product Manager Product Developer<\/p>\n","protected":false},"author":1,"featured_media":0,"parent":0,"menu_order":0,"comment_status":"closed","ping_status":"closed","template":"","meta":{"footnotes":""},"_links":{"self":[{"href":"http:\/\/ge401-402.bilkent.edu.tr\/3deestore\/index.php\/wp-json\/wp\/v2\/pages\/25"}],"collection":[{"href":"http:\/\/ge401-402.bilkent.edu.tr\/3deestore\/index.php\/wp-json\/wp\/v2\/pages"}],"about":[{"href":"http:\/\/ge401-402.bilkent.edu.tr\/3deestore\/index.php\/wp-json\/wp\/v2\/types\/page"}],"author":[{"embeddable":true,"href":"http:\/\/ge401-402.bilkent.edu.tr\/3deestore\/index.php\/wp-json\/wp\/v2\/users\/1"}],"replies":[{"embeddable":true,"href":"http:\/\/ge401-402.bilkent.edu.tr\/3deestore\/index.php\/wp-json\/wp\/v2\/comments?post=25"}],"version-history":[{"count":90,"href":"http:\/\/ge401-402.bilkent.edu.tr\/3deestore\/index.php\/wp-json\/wp\/v2\/pages\/25\/revisions"}],"predecessor-version":[{"id":2104,"href":"http:\/\/ge401-402.bilkent.edu.tr\/3deestore\/index.php\/wp-json\/wp\/v2\/pages\/25\/revisions\/2104"}],"wp:attachment":[{"href":"http:\/\/ge401-402.bilkent.edu.tr\/3deestore\/index.php\/wp-json\/wp\/v2\/media?parent=25"}],"curies":[{"name":"wp","href":"https:\/\/api.w.org\/{rel}","templated":true}]}}